{"id":312,"date":"2023-02-19T22:25:34","date_gmt":"2023-02-19T21:25:34","guid":{"rendered":"http:\/\/cabinetdeslibellules.fr\/?page_id=312"},"modified":"2023-03-05T22:20:22","modified_gmt":"2023-03-05T21:20:22","slug":"nos-domaines-dintervention","status":"publish","type":"page","link":"https:\/\/cabinetdeslibellules.fr\/?page_id=312","title":{"rendered":"Nos domaines d&#8217;intervention"},"content":{"rendered":"\t\t<div data-elementor-type=\"wp-page\" data-elementor-id=\"312\" class=\"elementor elementor-312\">\n\t\t\t\t\t\t\t\t\t<section class=\"elementor-section elementor-top-section elementor-element elementor-element-ccb38e4 elementor-section-boxed elementor-section-height-default elementor-section-height-default\" data-id=\"ccb38e4\" data-element_type=\"section\">\n\t\t\t\t\t\t<div class=\"elementor-container elementor-column-gap-default\">\n\t\t\t\t\t<div class=\"elementor-column elementor-col-100 elementor-top-column elementor-element elementor-element-9b8f608\" data-id=\"9b8f608\" data-element_type=\"column\">\n\t\t\t<div class=\"elementor-widget-wrap\">\n\t\t\t\t\t\t\t\t\t<\/div>\n\t\t<\/div>\n\t\t\t\t\t\t\t<\/div>\n\t\t<\/section>\n\t\t\t\t<section class=\"elementor-section elementor-top-section elementor-element elementor-element-b00de7c elementor-section-boxed elementor-section-height-default elementor-section-height-default\" data-id=\"b00de7c\" data-element_type=\"section\">\n\t\t\t\t\t\t<div class=\"elementor-container elementor-column-gap-default\">\n\t\t\t\t\t<div class=\"elementor-column elementor-col-100 elementor-top-column elementor-element elementor-element-1886f7c\" data-id=\"1886f7c\" data-element_type=\"column\">\n\t\t\t<div class=\"elementor-widget-wrap elementor-element-populated\">\n\t\t\t\t\t\t\t\t<div class=\"elementor-element elementor-element-4ed1cdf elementor-widget elementor-widget-heading\" data-id=\"4ed1cdf\" data-element_type=\"widget\" data-widget_type=\"heading.default\">\n\t\t\t\t<div class=\"elementor-widget-container\">\n\t\t\t<style>\/*! elementor - v3.11.1 - 15-02-2023 *\/\n.elementor-heading-title{padding:0;margin:0;line-height:1}.elementor-widget-heading .elementor-heading-title[class*=elementor-size-]>a{color:inherit;font-size:inherit;line-height:inherit}.elementor-widget-heading .elementor-heading-title.elementor-size-small{font-size:15px}.elementor-widget-heading .elementor-heading-title.elementor-size-medium{font-size:19px}.elementor-widget-heading .elementor-heading-title.elementor-size-large{font-size:29px}.elementor-widget-heading .elementor-heading-title.elementor-size-xl{font-size:39px}.elementor-widget-heading .elementor-heading-title.elementor-size-xxl{font-size:59px}<\/style><h1 class=\"elementor-heading-title elementor-size-default\">Nos domaines d'intervention<\/h1>\t\t<\/div>\n\t\t\t\t<\/div>\n\t\t\t\t\t<\/div>\n\t\t<\/div>\n\t\t\t\t\t\t\t<\/div>\n\t\t<\/section>\n\t\t\t\t<section class=\"elementor-section elementor-top-section elementor-element elementor-element-cdef013 elementor-section-boxed elementor-section-height-default elementor-section-height-default\" data-id=\"cdef013\" data-element_type=\"section\">\n\t\t\t\t\t\t<div class=\"elementor-container elementor-column-gap-default\">\n\t\t\t\t\t<div class=\"elementor-column elementor-col-100 elementor-top-column elementor-element elementor-element-eace7be\" data-id=\"eace7be\" data-element_type=\"column\">\n\t\t\t<div class=\"elementor-widget-wrap elementor-element-populated\">\n\t\t\t\t\t\t\t\t<div class=\"elementor-element elementor-element-c5b5a41 elementor-widget elementor-widget-spacer\" data-id=\"c5b5a41\" data-element_type=\"widget\" data-widget_type=\"spacer.default\">\n\t\t\t\t<div class=\"elementor-widget-container\">\n\t\t\t<style>\/*! elementor - v3.11.1 - 15-02-2023 *\/\n.elementor-column .elementor-spacer-inner{height:var(--spacer-size)}.e-con{--container-widget-width:100%}.e-con-inner>.elementor-widget-spacer,.e-con>.elementor-widget-spacer{width:var(--container-widget-width,var(--spacer-size));--align-self:var(--container-widget-align-self,initial);--flex-shrink:0}.e-con-inner>.elementor-widget-spacer>.elementor-widget-container,.e-con-inner>.elementor-widget-spacer>.elementor-widget-container>.elementor-spacer,.e-con>.elementor-widget-spacer>.elementor-widget-container,.e-con>.elementor-widget-spacer>.elementor-widget-container>.elementor-spacer{height:100%}.e-con-inner>.elementor-widget-spacer>.elementor-widget-container>.elementor-spacer>.elementor-spacer-inner,.e-con>.elementor-widget-spacer>.elementor-widget-container>.elementor-spacer>.elementor-spacer-inner{height:var(--container-widget-height,var(--spacer-size))}<\/style>\t\t<div class=\"elementor-spacer\">\n\t\t\t<div class=\"elementor-spacer-inner\"><\/div>\n\t\t<\/div>\n\t\t\t\t<\/div>\n\t\t\t\t<\/div>\n\t\t\t\t\t<\/div>\n\t\t<\/div>\n\t\t\t\t\t\t\t<\/div>\n\t\t<\/section>\n\t\t\t\t<section class=\"elementor-section elementor-top-section elementor-element elementor-element-c72ed7d elementor-section-boxed elementor-section-height-default elementor-section-height-default\" data-id=\"c72ed7d\" data-element_type=\"section\">\n\t\t\t\t\t\t<div class=\"elementor-container elementor-column-gap-default\">\n\t\t\t\t\t<div class=\"elementor-column elementor-col-50 elementor-top-column elementor-element elementor-element-06320ac\" data-id=\"06320ac\" data-element_type=\"column\">\n\t\t\t<div class=\"elementor-widget-wrap elementor-element-populated\">\n\t\t\t\t\t\t\t\t<div class=\"elementor-element elementor-element-575dd89 elementor-widget elementor-widget-text-editor\" data-id=\"575dd89\" data-element_type=\"widget\" data-widget_type=\"text-editor.default\">\n\t\t\t\t<div class=\"elementor-widget-container\">\n\t\t\t<style>\/*! elementor - v3.11.1 - 15-02-2023 *\/\n.elementor-widget-text-editor.elementor-drop-cap-view-stacked .elementor-drop-cap{background-color:#818a91;color:#fff}.elementor-widget-text-editor.elementor-drop-cap-view-framed .elementor-drop-cap{color:#818a91;border:3px solid;background-color:transparent}.elementor-widget-text-editor:not(.elementor-drop-cap-view-default) .elementor-drop-cap{margin-top:8px}.elementor-widget-text-editor:not(.elementor-drop-cap-view-default) .elementor-drop-cap-letter{width:1em;height:1em}.elementor-widget-text-editor .elementor-drop-cap{float:left;text-align:center;line-height:1;font-size:50px}.elementor-widget-text-editor .elementor-drop-cap-letter{display:inline-block}<\/style>\t\t\t\t<p>Nous assurons un service d&#8217;aide aux personnes \u00e2g\u00e9es et \/ ou en situation de handicap, de d\u00e9pendance ou de perte d&#8217;autonomie<br \/>Nous proposons une prise en soin compl\u00e8te et sur mesure selon les besoins de chacun 365 jours par an.<\/p><p>Nous accompagnons pour un retour ou un maintien au domicile. Nous \u00e9valuons et \u00e9changeons avec vous autour des besoins du patient afin de d\u00e9finir l&#8217;accompagnement humain n\u00e9cessaire, le soin \u00e0 prodiguer ainsi que le mat\u00e9riel utile gr\u00e2ce \u00e0 notre r\u00e9seau de professionnels.<\/p>\t\t\t\t\t\t<\/div>\n\t\t\t\t<\/div>\n\t\t\t\t\t<\/div>\n\t\t<\/div>\n\t\t\t\t<div class=\"elementor-column elementor-col-50 elementor-top-column elementor-element elementor-element-4f3471e\" data-id=\"4f3471e\" data-element_type=\"column\">\n\t\t\t<div class=\"elementor-widget-wrap elementor-element-populated\">\n\t\t\t\t\t\t\t\t<div class=\"elementor-element elementor-element-52d241a elementor-widget elementor-widget-image\" data-id=\"52d241a\" data-element_type=\"widget\" data-widget_type=\"image.default\">\n\t\t\t\t<div class=\"elementor-widget-container\">\n\t\t\t<style>\/*! elementor - v3.11.1 - 15-02-2023 *\/\n.elementor-widget-image{text-align:center}.elementor-widget-image a{display:inline-block}.elementor-widget-image a img[src$=\".svg\"]{width:48px}.elementor-widget-image img{vertical-align:middle;display:inline-block}<\/style>\t\t\t\t\t\t\t\t\t\t\t\t<img loading=\"lazy\" decoding=\"async\" width=\"300\" height=\"300\" src=\"https:\/\/cabinetdeslibellules.fr\/wp-content\/uploads\/2023\/03\/picto-prendre-soin-fond-vr-300x300.jpg\" class=\"attachment-medium size-medium wp-image-742\" alt=\"\" srcset=\"https:\/\/cabinetdeslibellules.fr\/wp-content\/uploads\/2023\/03\/picto-prendre-soin-fond-vr-300x300.jpg 300w, https:\/\/cabinetdeslibellules.fr\/wp-content\/uploads\/2023\/03\/picto-prendre-soin-fond-vr-1024x1024.jpg 1024w, https:\/\/cabinetdeslibellules.fr\/wp-content\/uploads\/2023\/03\/picto-prendre-soin-fond-vr-150x150.jpg 150w, https:\/\/cabinetdeslibellules.fr\/wp-content\/uploads\/2023\/03\/picto-prendre-soin-fond-vr-768x768.jpg 768w, https:\/\/cabinetdeslibellules.fr\/wp-content\/uploads\/2023\/03\/picto-prendre-soin-fond-vr.jpg 1300w\" sizes=\"auto, (max-width: 300px) 100vw, 300px\" \/>\t\t\t\t\t\t\t\t\t\t\t\t\t\t\t<\/div>\n\t\t\t\t<\/div>\n\t\t\t\t\t<\/div>\n\t\t<\/div>\n\t\t\t\t\t\t\t<\/div>\n\t\t<\/section>\n\t\t\t\t<section class=\"elementor-section elementor-top-section elementor-element elementor-element-61e7d04 elementor-section-boxed elementor-section-height-default elementor-section-height-default\" data-id=\"61e7d04\" data-element_type=\"section\">\n\t\t\t\t\t\t<div class=\"elementor-container elementor-column-gap-default\">\n\t\t\t\t\t<div class=\"elementor-column elementor-col-100 elementor-top-column elementor-element elementor-element-a905a56\" data-id=\"a905a56\" data-element_type=\"column\">\n\t\t\t<div class=\"elementor-widget-wrap elementor-element-populated\">\n\t\t\t\t\t\t\t\t<div class=\"elementor-element elementor-element-bca5a11 elementor-widget elementor-widget-text-editor\" data-id=\"bca5a11\" data-element_type=\"widget\" data-widget_type=\"text-editor.default\">\n\t\t\t\t<div class=\"elementor-widget-container\">\n\t\t\t\t\t\t\t<p>Nous proposons une prise en soin personnalis\u00e9e et compl\u00e8te : soins de toilette, aide aux repas, courses, accompagnement\/prise de rdv m\u00e9dicaux, d\u00e9marches administratives, loisirs, soins de bien-\u00eatre, soutien moral&#8230;<\/p><p>Nous intervenons sur les communes d&#8217;Aix-les-Bains et environs. Les prises en soin ont lieu, au choix, \u00e0 domicile, en maison de retraite, \u00e0 l&#8217;h\u00f4pital ou service de soins de suite et de r\u00e9adaptation g\u00e9riatrique.<\/p>\t\t\t\t\t\t<\/div>\n\t\t\t\t<\/div>\n\t\t\t\t\t<\/div>\n\t\t<\/div>\n\t\t\t\t\t\t\t<\/div>\n\t\t<\/section>\n\t\t\t\t\t\t\t<\/div>\n\t\t","protected":false},"excerpt":{"rendered":"<p>Nos domaines d&#8217;intervention Nous assurons un service d&#8217;aide aux personnes \u00e2g\u00e9es et \/ ou en situation de handicap, de d\u00e9pendance ou de perte d&#8217;autonomieNous proposons une prise en soin compl\u00e8te et sur mesure selon les besoins de chacun 365 jours par an. Nous accompagnons pour un retour ou un maintien au domicile. Nous \u00e9valuons et [&hellip;]<\/p>\n","protected":false},"author":1,"featured_media":0,"parent":285,"menu_order":0,"comment_status":"closed","ping_status":"closed","template":"elementor_header_footer","meta":{"footnotes":""},"class_list":["post-312","page","type-page","status-publish","hentry","wpbf-post"],"_links":{"self":[{"href":"https:\/\/cabinetdeslibellules.fr\/index.php?rest_route=\/wp\/v2\/pages\/312","targetHints":{"allow":["GET"]}}],"collection":[{"href":"https:\/\/cabinetdeslibellules.fr\/index.php?rest_route=\/wp\/v2\/pages"}],"about":[{"href":"https:\/\/cabinetdeslibellules.fr\/index.php?rest_route=\/wp\/v2\/types\/page"}],"author":[{"embeddable":true,"href":"https:\/\/cabinetdeslibellules.fr\/index.php?rest_route=\/wp\/v2\/users\/1"}],"replies":[{"embeddable":true,"href":"https:\/\/cabinetdeslibellules.fr\/index.php?rest_route=%2Fwp%2Fv2%2Fcomments&post=312"}],"version-history":[{"count":52,"href":"https:\/\/cabinetdeslibellules.fr\/index.php?rest_route=\/wp\/v2\/pages\/312\/revisions"}],"predecessor-version":[{"id":745,"href":"https:\/\/cabinetdeslibellules.fr\/index.php?rest_route=\/wp\/v2\/pages\/312\/revisions\/745"}],"up":[{"embeddable":true,"href":"https:\/\/cabinetdeslibellules.fr\/index.php?rest_route=\/wp\/v2\/pages\/285"}],"wp:attachment":[{"href":"https:\/\/cabinetdeslibellules.fr\/index.php?rest_route=%2Fwp%2Fv2%2Fmedia&parent=312"}],"curies":[{"name":"wp","href":"https:\/\/api.w.org\/{rel}","templated":true}]}}